{"id":2022,"date":"2024-03-24T16:21:41","date_gmt":"2024-03-24T20:21:41","guid":{"rendered":"https:\/\/www.crcfoodsafety.com\/chain-lube-crc\/"},"modified":"2025-06-23T15:15:45","modified_gmt":"2025-06-23T19:15:45","slug":"chain-lube-crc","status":"publish","type":"page","link":"https:\/\/www.crcfoodsafety.com\/es\/chain-lube-crc\/","title":{"rendered":"CRC Food Grade Chain Lube"},"content":{"rendered":"<p>[et_pb_section fb_built=&#8221;1&#8243; custom_padding_last_edited=&#8221;on|phone&#8221; _builder_version=&#8221;4.24.2&#8243; _module_preset=&#8221;default&#8221; background_color=&#8221;#f8f8f8&#8243; background_enable_image=&#8221;off&#8221; custom_padding=&#8221;70px||70px||true|false&#8221; custom_padding_tablet=&#8221;60px||60px||true|false&#8221; custom_padding_phone=&#8221;50px||50px||true|false&#8221; bottom_divider_style=&#8221;none&#8221; bottom_divider_color=&#8221;#FFFFFF&#8221; bottom_divider_height=&#8221;35px&#8221; bottom_divider_arrangement=&#8221;above_content&#8221; global_colors_info=&#8221;{}&#8221;][et_pb_row column_structure=&#8221;1_2,1_2&#8243; _builder_version=&#8221;4.24.2&#8243; _module_preset=&#8221;default&#8221; custom_padding=&#8221;0px||0px||true|false&#8221; global_colors_info=&#8221;{}&#8221;][et_pb_column type=&#8221;1_2&#8243; _builder_version=&#8221;4.24.2&#8243; _module_preset=&#8221;default&#8221; sticky_position=&#8221;top&#8221; sticky_limit_bottom=&#8221;section&#8221; motion_trigger_start=&#8221;top&#8221; sticky_position_tablet=&#8221;none&#8221; sticky_position_phone=&#8221;none&#8221; sticky_position_last_edited=&#8221;on|desktop&#8221; global_colors_info=&#8221;{}&#8221;][et_pb_image src=&#8221;https:\/\/www.crcfoodsafety.com\/wp-content\/uploads\/2025\/06\/Lubricante-para-cadenas-de-grado-alimenticio-img.webp&#8221; alt=&#8221;Lubricante para cadenas de grado alimenticio&#8221; title_text=&#8221;Lubricante para cadenas de grado alimenticio&#8221; _builder_version=&#8221;4.27.4&#8243; _module_preset=&#8221;default&#8221; hover_enabled=&#8221;0&#8243; global_colors_info=&#8221;{}&#8221; sticky_enabled=&#8221;0&#8243;][\/et_pb_image][et_pb_code _builder_version=&#8221;4.27.4&#8243; _module_preset=&#8221;default&#8221; global_colors_info=&#8221;{}&#8221;]<\/p>\n<div class=\"ps-widget\" ps-sku=\"1750578\"><\/div>\n<p><!-- [et_pb_line_break_holder] --><\/p>\n<style><!-- [et_pb_line_break_holder] -->.ps-609bf2fd26e6ca001ebf3d7d#ps-lightbox-background { z-index: 99999!important; }<!-- [et_pb_line_break_holder] -->.ps-609bf2fd26e6ca001ebf3d7d.ps-lightbox { z-index: 100000!important; top: 8%!important; }<!-- [et_pb_line_break_holder] --><\/style>\n<p>[\/et_pb_code][\/et_pb_column][et_pb_column type=&#8221;1_2&#8243; _builder_version=&#8221;4.24.2&#8243; _module_preset=&#8221;default&#8221; global_colors_info=&#8221;{}&#8221;][et_pb_text _builder_version=&#8221;4.27.4&#8243; _module_preset=&#8221;default&#8221; text_font=&#8221;Oswald|300|||||||&#8221; header_font_size=&#8221;40px&#8221; custom_margin=&#8221;||10px||false|false&#8221; custom_padding=&#8221;||0px||false|false&#8221; header_font_size_tablet=&#8221;&#8221; header_font_size_phone=&#8221;22px&#8221; header_font_size_last_edited=&#8221;on|phone&#8221; global_colors_info=&#8221;{}&#8221;]<\/p>\n<h1>Lubricante para cadenas de grado alimenticio CRC<\/h1>\n<p>[\/et_pb_text][et_pb_image src=&#8221;https:\/\/www.crcfoodsafety.com\/wp-content\/uploads\/2024\/03\/nsf-certified-h1-registered-crc-food-grade-icons.webp&#8221; alt=&#8221;NSF Certified and H1 Registered Food Grade&#8221; title_text=&#8221;NSF Certified and H1 Registered Food Grade&#8221; _builder_version=&#8221;4.24.2&#8243; _module_preset=&#8221;default&#8221; max_height=&#8221;40px&#8221; global_colors_info=&#8221;{}&#8221;][\/et_pb_image][et_pb_text _builder_version=&#8221;4.27.4&#8243; _module_preset=&#8221;default&#8221; text_font=&#8221;||||||||&#8221; header_font_size=&#8221;40px&#8221; custom_margin=&#8221;||||false|false&#8221; text_font_size_tablet=&#8221;&#8221; text_font_size_phone=&#8221;13px&#8221; text_font_size_last_edited=&#8221;on|phone&#8221; header_font_size_tablet=&#8221;&#8221; header_font_size_phone=&#8221;22px&#8221; header_font_size_last_edited=&#8221;on|phone&#8221; global_colors_info=&#8221;{}&#8221;]<\/p>\n<table>\n<tbody>\n<tr style=\"background-color: #ddd;\">\n<th style=\"width: 35%;\">Product #<\/th>\n<th style=\"width: 27%;\">Item #<\/th>\n<th>Size<\/th>\n<\/tr>\n<tr>\n<td>1750578<\/td>\n<td>1750578<\/td>\n<td>340 g<\/td>\n<\/tr>\n<\/tbody>\n<\/table>\n<p>[\/et_pb_text][et_pb_text _builder_version=&#8221;4.27.4&#8243; _module_preset=&#8221;default&#8221; global_colors_info=&#8221;{}&#8221;]Una mezcla especial de lubricantes sint\u00e9ticos y aceite mineral mantiene lubricadas las cadenas de transmisi\u00f3n de rodillos y bandas transportadoras. Penetra, lubrica, y protege las piezas m\u00f3viles reduciendo la fricci\u00f3n y el desgaste. Clasificaci\u00f3n NSF H1 de contacto accidental con alimentos.[\/et_pb_text][et_pb_text disabled_on=&#8221;on|on|on&#8221; _builder_version=&#8221;4.27.4&#8243; _module_preset=&#8221;default&#8221; header_2_font_size=&#8221;24px&#8221; disabled=&#8221;on&#8221; global_colors_info=&#8221;{}&#8221;]<\/p>\n<h2>Application for CRC Food Grade Chain Lube<\/h2>\n<p>[\/et_pb_text][et_pb_text disabled_on=&#8221;on|on|on&#8221; _builder_version=&#8221;4.27.4&#8243; _module_preset=&#8221;default&#8221; custom_css_free_form=&#8221;ul.apps {||    display: flex;||    flex-wrap: wrap;||    justify-content: space-between;||}||||ul.apps li {||    width: 48%;||}&#8221; disabled=&#8221;on&#8221; global_colors_info=&#8221;{}&#8221;]<\/p>\n<ul>\n<li>Conveyor chains<\/li>\n<li>Packaging equipment<\/li>\n<li>Hoist chains<\/li>\n<li>Link and roller assemblies<\/li>\n<li>Forklift trucks<\/li>\n<li>Many other industrial applications<\/li>\n<\/ul>\n<p>[\/et_pb_text][\/et_pb_column][\/et_pb_row][\/et_pb_section][et_pb_section fb_built=&#8221;1&#8243; custom_padding_last_edited=&#8221;on|phone&#8221; _builder_version=&#8221;4.24.2&#8243; _module_preset=&#8221;default&#8221; background_enable_color=&#8221;off&#8221; use_background_color_gradient=&#8221;on&#8221; background_color_gradient_direction=&#8221;90deg&#8221; background_color_gradient_stops=&#8221;#f8f8f8 0%|#ffffff 5%|#ffffff 95%|#f8f8f8 100%&#8221; custom_margin_tablet=&#8221;&#8221; custom_margin_phone=&#8221;&#8221; custom_margin_last_edited=&#8221;on|tablet&#8221; custom_padding=&#8221;90px||90px||true|false&#8221; custom_padding_tablet=&#8221;40px||40px||true|false&#8221; custom_padding_phone=&#8221;20px||20px||true|false&#8221; global_colors_info=&#8221;{}&#8221;][et_pb_row _builder_version=&#8221;4.24.2&#8243; _module_preset=&#8221;default&#8221; custom_padding=&#8221;0px||||false|false&#8221; global_colors_info=&#8221;{}&#8221;][et_pb_column type=&#8221;4_4&#8243; _builder_version=&#8221;4.24.2&#8243; _module_preset=&#8221;default&#8221; global_colors_info=&#8221;{}&#8221;][et_pb_text _builder_version=&#8221;4.24.2&#8243; _module_preset=&#8221;default&#8221; text_orientation=&#8221;center&#8221; global_colors_info=&#8221;{}&#8221;]<\/p>\n<h2>Resources<\/h2>\n<p>[\/et_pb_text][\/et_pb_column][\/et_pb_row][et_pb_row _builder_version=&#8221;4.24.2&#8243; _module_preset=&#8221;default&#8221; custom_padding=&#8221;0px||0px||true|false&#8221; global_colors_info=&#8221;{}&#8221;][et_pb_column type=&#8221;4_4&#8243; _builder_version=&#8221;4.24.2&#8243; _module_preset=&#8221;default&#8221; global_colors_info=&#8221;{}&#8221;][et_pb_code _builder_version=&#8221;4.27.4&#8243; _module_preset=&#8221;default&#8221; global_colors_info=&#8221;{}&#8221;]<\/p>\n<div class=\"cert-container\"><!-- [et_pb_line_break_holder] -->  <!-- [et_pb_line_break_holder] --><a href=\"https:\/\/www.crcindustries.mx\/media\/acdn\/allergen_cert-1750578.pdf\" target=\"_blank\" rel=\"noopener\"><!-- [et_pb_line_break_holder] --><\/p>\n<div class=\"circle\"><!-- [et_pb_line_break_holder] --><pee><!-- [et_pb_line_break_holder] -->  <span class=\"subs\">Certificado de<\/span><!-- [et_pb_line_break_holder] -->Alergenos<!-- [et_pb_line_break_holder] --><\/pee><!-- [et_pb_line_break_holder] --><\/div>\n<p><!-- [et_pb_line_break_holder] --><\/a><!-- [et_pb_line_break_holder] -->        <a href=\"https:\/\/www.crcindustries.com\/media\/nsfusda\/nsf_usda-1003294.pdf\" target=\"_blank\" rel=\"noopener\"><!-- [et_pb_line_break_holder] --><\/p>\n<div class=\"circle\"><!-- [et_pb_line_break_holder] --><pee><!-- [et_pb_line_break_holder] -->NSF<!-- [et_pb_line_break_holder] --><\/pee><!-- [et_pb_line_break_holder] --><\/div>\n<p><!-- [et_pb_line_break_holder] --><\/a><!-- [et_pb_line_break_holder] -->      <a href=\"https:\/\/www.crcindustries.com\/media\/foodcert\/foodcert-1003313.pdf\" target=\"_blank\" rel=\"noopener\"><!-- [et_pb_line_break_holder] --><\/p>\n<div class=\"circle\"><!-- [et_pb_line_break_holder] --><pee><!-- [et_pb_line_break_holder] -->  <span class=\"subs\">Certificado de<\/span><!-- [et_pb_line_break_holder] -->Alimentos<!-- [et_pb_line_break_holder] --><\/pee><!-- [et_pb_line_break_holder] --><\/div>\n<p><!-- [et_pb_line_break_holder] --><\/a><!-- [et_pb_line_break_holder] --><!-- [et_pb_line_break_holder] -->    <a href=\"https:\/\/app.salsify.com\/catalogs\/7d8c7379-cdab-4620-9101-e4b70cc5c5eb\/products\/1750578\" target=\"_blank\" rel=\"noopener\"><!-- [et_pb_line_break_holder] --><\/p>\n<div class=\"circle\"><!-- [et_pb_line_break_holder] --><pee><!-- [et_pb_line_break_holder] --><span class=\"subs\">Ficha<\/span><!-- [et_pb_line_break_holder] -->T\u00e9cnica  <!-- [et_pb_line_break_holder] --><\/pee><!-- [et_pb_line_break_holder] --><\/div>\n<p><!-- [et_pb_line_break_holder] --><\/a><!-- [et_pb_line_break_holder] --><a href=\"https:\/\/www.crcindustries.mx\/media\/msdsen\/crc_mx\/msds_en-1750578.pdf\" target=\"_blank\" rel=\"noopener\"><!-- [et_pb_line_break_holder] --><\/p>\n<div class=\"circle\"><!-- [et_pb_line_break_holder] --><pee><!-- [et_pb_line_break_holder] --><span class=\"subs\">ENG Hoja de<\/span><!-- [et_pb_line_break_holder] -->Seguridad<!-- [et_pb_line_break_holder] --><\/pee><!-- [et_pb_line_break_holder] --><\/div>\n<p><!-- [et_pb_line_break_holder] --><\/a><!-- [et_pb_line_break_holder] --><!-- [et_pb_line_break_holder] -->  <a href=\"https:\/\/www.crcindustries.mx\/media\/msdses\/crc_mx\/msds_es-1750578.pdf\" target=\"_blank\" rel=\"noopener\"><!-- [et_pb_line_break_holder] --><\/p>\n<div class=\"circle\"><!-- [et_pb_line_break_holder] --><pee><!-- [et_pb_line_break_holder] --><span class=\"subs\">ESP Hoja de<\/span><!-- [et_pb_line_break_holder] -->Seguridad<!-- [et_pb_line_break_holder] --><\/pee><!-- [et_pb_line_break_holder] --><\/div>\n<p><!-- [et_pb_line_break_holder] --><\/a><!-- [et_pb_line_break_holder] --><!-- [et_pb_line_break_holder] --><!-- [et_pb_line_break_holder] --><\/div>\n<p>[\/et_pb_code][\/et_pb_column][\/et_pb_row][\/et_pb_section][et_pb_section fb_built=&#8221;1&#8243; _builder_version=&#8221;4.24.2&#8243; _module_preset=&#8221;default&#8221; background_color=&#8221;#f8f8f8&#8243; global_colors_info=&#8221;{}&#8221;][et_pb_row _builder_version=&#8221;4.24.2&#8243; _module_preset=&#8221;default&#8221; custom_padding=&#8221;0px||||false|false&#8221; global_colors_info=&#8221;{}&#8221;][et_pb_column type=&#8221;4_4&#8243; _builder_version=&#8221;4.24.2&#8243; _module_preset=&#8221;default&#8221; global_colors_info=&#8221;{}&#8221;][et_pb_text _builder_version=&#8221;4.27.4&#8243; _module_preset=&#8221;default&#8221; text_orientation=&#8221;center&#8221; global_colors_info=&#8221;{}&#8221;]<\/p>\n<h2>Variaciones del producto<\/h2>\n<p>[\/et_pb_text][\/et_pb_column][\/et_pb_row][et_pb_row _builder_version=&#8221;4.24.2&#8243; _module_preset=&#8221;default&#8221; custom_padding=&#8221;0px||0px||true|false&#8221; global_colors_info=&#8221;{}&#8221;][et_pb_column type=&#8221;4_4&#8243; _builder_version=&#8221;4.24.2&#8243; _module_preset=&#8221;default&#8221; global_colors_info=&#8221;{}&#8221;][et_pb_code _builder_version=&#8221;4.27.4&#8243; _module_preset=&#8221;default&#8221; background_enable_color=&#8221;off&#8221; custom_css_main_element=&#8221;font-size: 14px;&#8221; global_colors_info=&#8221;{}&#8221;]<\/p>\n<div class=\"dcf-overflow-x-auto\" tabindex=\"0\"><!-- [et_pb_line_break_holder] --><\/p>\n<table class=\"dcf-table dcf-table-bordered dcf-table-striped dcf-w-100%\"><!-- [et_pb_line_break_holder] -->\t<\/p>\n<thead><!-- [et_pb_line_break_holder] -->\t\t<\/p>\n<tr><!-- [et_pb_line_break_holder] -->\t\t\t<\/p>\n<th scope=\"col\">Part #<\/th>\n<p><!-- [et_pb_line_break_holder] -->\t\t\t<\/p>\n<th scope=\"col\">Item #<\/th>\n<p><!-- [et_pb_line_break_holder] -->\t\t\t<\/p>\n<th scope=\"col\">Case #<\/th>\n<p><!-- [et_pb_line_break_holder] -->\t\t\t<\/p>\n<th scope=\"col\">Container<\/th>\n<p><!-- [et_pb_line_break_holder] -->\t\t\t<\/p>\n<th scope=\"col\">Units\/Case<\/th>\n<p><!-- [et_pb_line_break_holder] -->\t\t<\/tr>\n<p><!-- [et_pb_line_break_holder] -->\t<\/thead>\n<p><!-- [et_pb_line_break_holder] -->\t<\/p>\n<tbody><!-- [et_pb_line_break_holder] -->\t\t<\/p>\n<tr style=\"background-color: #fff;\"><!-- [et_pb_line_break_holder] -->\t\t\t<\/p>\n<td data-label=\"Part #\">1750578<\/td>\n<p><!-- [et_pb_line_break_holder] -->\t\t\t<\/p>\n<td data-label=\"Item #\">1750578<\/td>\n<p><!-- [et_pb_line_break_holder] -->\t\t\t<\/p>\n<td data-label=\"Case #\">1750577<\/td>\n<p><!-- [et_pb_line_break_holder] -->\t\t\t<\/p>\n<td data-label=\"Container\">Aerosol<\/td>\n<p><!-- [et_pb_line_break_holder] -->\t\t\t<\/p>\n<td data-label=\"Units Per Case\">12<\/td>\n<p><!-- [et_pb_line_break_holder] -->\t\t<\/tr>\n<p><!-- [et_pb_line_break_holder] --><!-- [et_pb_line_break_holder] -->\t<\/tbody>\n<p><!-- [et_pb_line_break_holder] --><\/table>\n<\/div>\n<p><!-- [et_pb_line_break_holder] -->[\/et_pb_code][\/et_pb_column][\/et_pb_row][\/et_pb_section][et_pb_section fb_built=&#8221;1&#8243; _builder_version=&#8221;4.24.2&#8243; _module_preset=&#8221;default&#8221; background_color=&#8221;#f2f2f2&#8243; global_colors_info=&#8221;{}&#8221;][et_pb_row _builder_version=&#8221;4.24.2&#8243; _module_preset=&#8221;default&#8221; custom_padding=&#8221;0px||||false|false&#8221; global_colors_info=&#8221;{}&#8221;][et_pb_column type=&#8221;4_4&#8243; _builder_version=&#8221;4.24.2&#8243; _module_preset=&#8221;default&#8221; global_colors_info=&#8221;{}&#8221;][et_pb_text _builder_version=&#8221;4.27.4&#8243; _module_preset=&#8221;default&#8221; text_orientation=&#8221;center&#8221; global_colors_info=&#8221;{}&#8221;]<\/p>\n<h2>Especificaciones<\/h2>\n<p>[\/et_pb_text][\/et_pb_column][\/et_pb_row][et_pb_row _builder_version=&#8221;4.24.2&#8243; _module_preset=&#8221;default&#8221; width=&#8221;90%&#8221; custom_padding=&#8221;0px||0px||true|false&#8221; global_colors_info=&#8221;{}&#8221;][et_pb_column type=&#8221;4_4&#8243; _builder_version=&#8221;4.24.2&#8243; _module_preset=&#8221;default&#8221; global_colors_info=&#8221;{}&#8221;][et_pb_text _builder_version=&#8221;4.27.4&#8243; _module_preset=&#8221;default&#8221; background_color=&#8221;#FFFFFF&#8221; custom_padding=&#8221;20px|10px|20px|20px|true|false&#8221; global_colors_info=&#8221;{}&#8221;]<\/p>\n<table>\n<tbody>\n<tr>\n<td>Appearance<\/td>\n<td class=\"col-right\">Clear Colorless Liquid<\/td>\n<\/tr>\n<tr class=\"grey\">\n<td>Case Number<\/td>\n<td class=\"col-right\">1750577<\/td>\n<\/tr>\n<tr>\n<td>Clasificaci\u00f3n de Flamabilidad CPSC<\/td>\n<td class=\"col-right\">No es un producto de consumo<\/td>\n<\/tr>\n<tr class=\"grey\">\n<td>Contenido Neto<\/td>\n<td class=\"col-right\">340 gramos<\/td>\n<\/tr>\n<tr>\n<td>DOT Proper Shipping Name<\/td>\n<td class=\"col-right\">Aerosols, Flammable, Limited Quantity<\/td>\n<\/tr>\n<tr class=\"grey\">\n<td>Evaporation Rate<\/td>\n<td class=\"col-right\">Very Slow<\/td>\n<\/tr>\n<tr>\n<td>Film Type<\/td>\n<td class=\"col-right\">Oil<\/td>\n<\/tr>\n<tr class=\"grey\">\n<td>Flash point (C)<\/td>\n<td class=\"col-right\">&gt;187.8\u00b0C<\/td>\n<\/tr>\n<tr>\n<td>Flash point (F)<\/td>\n<td class=\"col-right\">&gt;370\u00b0F<\/td>\n<\/tr>\n<tr class=\"grey\">\n<td>Generic Description<\/td>\n<td class=\"col-right\">Food Grade Chain Lubricant with Perma-Lock\u00ae<\/td>\n<\/tr>\n<tr>\n<td>I 2 of 5 Code<\/td>\n<td class=\"col-right\">30078254000153<\/td>\n<\/tr>\n<tr class=\"grey\">\n<td>NSF Category Code<\/td>\n<td class=\"col-right\">H1<\/td>\n<\/tr>\n<tr>\n<td>NSF Number<\/td>\n<td class=\"col-right\">157474<\/td>\n<\/tr>\n<tr class=\"grey\">\n<td>Item Number<\/td>\n<td class=\"col-right\">1750578<\/td>\n<\/tr>\n<tr>\n<td>Propellant<\/td>\n<td class=\"col-right\">Hydrocarbon<\/td>\n<\/tr>\n<tr class=\"grey\">\n<td>Removal (How To)<\/td>\n<td class=\"col-right\">Remove with petroleum solvents or chlorinated solvents.<\/td>\n<\/tr>\n<tr>\n<td>Restricted From Sale In<\/td>\n<td class=\"col-right\">Not for sale in the United States.<\/td>\n<\/tr>\n<tr class=\"grey\">\n<td>Seguro con pl\u00e1sticos<\/td>\n<td class=\"col-right\">S\u00ed<\/td>\n<\/tr>\n<tr>\n<td>UPC Code<\/td>\n<td class=\"col-right\">078254000152<\/td>\n<\/tr>\n<tr class=\"grey\">\n<td>Unidades por caja<\/td>\n<td class=\"col-right\">12<\/td>\n<\/tr>\n<tr>\n<td>Unit Dimensions<\/td>\n<td class=\"col-right\">19.69H x 6.68W x 6.68D cm<\/td>\n<\/tr>\n<tr class=\"grey\">\n<td>Unit Package Description<\/td>\n<td class=\"col-right\">16 Ounce (473 ml) Aerosol<\/td>\n<\/tr>\n<tr>\n<td>Working Temp (C)<\/td>\n<td class=\"col-right\">-13.3 to 162.8\u00b0C<\/td>\n<\/tr>\n<tr class=\"grey\">\n<td>Working Temp (F)<\/td>\n<td class=\"col-right\">8 to 325\u00b0F<\/td>\n<\/tr>\n<\/tbody>\n<\/table>\n<p>[\/et_pb_text][\/et_pb_column][\/et_pb_row][\/et_pb_section]<\/p>\n","protected":false},"excerpt":{"rendered":"<p>Lubricante para cadenas de grado alimenticio CRC Product # Item # Size 1750578 1750578 340 g Una mezcla especial de lubricantes sint\u00e9ticos y aceite mineral mantiene lubricadas las cadenas de transmisi\u00f3n de rodillos y bandas transportadoras. Penetra, lubrica, y protege las piezas m\u00f3viles reduciendo la fricci\u00f3n y el desgaste. Clasificaci\u00f3n NSF H1 de contacto accidental [&hellip;]<\/p>\n","protected":false},"author":2,"featured_media":0,"parent":0,"menu_order":0,"comment_status":"closed","ping_status":"closed","template":"","meta":{"_et_pb_use_builder":"on","_et_pb_old_content":"","_et_gb_content_width":"","footnotes":""},"class_list":["post-2022","page","type-page","status-publish","hentry"],"_links":{"self":[{"href":"https:\/\/www.crcfoodsafety.com\/es\/wp-json\/wp\/v2\/pages\/2022","targetHints":{"allow":["GET"]}}],"collection":[{"href":"https:\/\/www.crcfoodsafety.com\/es\/wp-json\/wp\/v2\/pages"}],"about":[{"href":"https:\/\/www.crcfoodsafety.com\/es\/wp-json\/wp\/v2\/types\/page"}],"author":[{"embeddable":true,"href":"https:\/\/www.crcfoodsafety.com\/es\/wp-json\/wp\/v2\/users\/2"}],"replies":[{"embeddable":true,"href":"https:\/\/www.crcfoodsafety.com\/es\/wp-json\/wp\/v2\/comments?post=2022"}],"version-history":[{"count":4,"href":"https:\/\/www.crcfoodsafety.com\/es\/wp-json\/wp\/v2\/pages\/2022\/revisions"}],"predecessor-version":[{"id":2320,"href":"https:\/\/www.crcfoodsafety.com\/es\/wp-json\/wp\/v2\/pages\/2022\/revisions\/2320"}],"wp:attachment":[{"href":"https:\/\/www.crcfoodsafety.com\/es\/wp-json\/wp\/v2\/media?parent=2022"}],"curies":[{"name":"wp","href":"https:\/\/api.w.org\/{rel}","templated":true}]}}