{"id":2388,"date":"2024-03-14T09:35:07","date_gmt":"2024-03-14T13:35:07","guid":{"rendered":"https:\/\/www.crcfoodsafety.com\/?page_id=2388"},"modified":"2025-08-04T10:13:10","modified_gmt":"2025-08-04T14:13:10","slug":"perma-lock","status":"publish","type":"page","link":"https:\/\/www.crcfoodsafety.com\/es\/perma-lock\/","title":{"rendered":"Perma-Lock"},"content":{"rendered":"<p>[et_pb_section fb_built=&#8221;1&#8243; _builder_version=&#8221;4.24.2&#8243; _module_preset=&#8221;default&#8221; background_color=&#8221;#00823E&#8221; custom_padding=&#8221;26px||26px||true|false&#8221; global_colors_info=&#8221;{}&#8221;][et_pb_row _builder_version=&#8221;4.24.2&#8243; _module_preset=&#8221;default&#8221; custom_padding=&#8221;0px||0px||true|false&#8221; global_colors_info=&#8221;{}&#8221;][et_pb_column type=&#8221;4_4&#8243; _builder_version=&#8221;4.24.2&#8243; _module_preset=&#8221;default&#8221; global_colors_info=&#8221;{}&#8221;][et_pb_text _builder_version=&#8221;4.27.4&#8243; _module_preset=&#8221;default&#8221; header_text_color=&#8221;#FFFFFF&#8221; text_orientation=&#8221;center&#8221; custom_margin=&#8221;8px||||false|false&#8221; hover_enabled=&#8221;0&#8243; global_colors_info=&#8221;{}&#8221; sticky_enabled=&#8221;0&#8243;]<\/p>\n<h1>Actuador PERMA-LOCK\u00ae<\/h1>\n<p>[\/et_pb_text][\/et_pb_column][\/et_pb_row][\/et_pb_section][et_pb_section fb_built=&#8221;1&#8243; _builder_version=&#8221;4.24.2&#8243; _module_preset=&#8221;default&#8221; background_color=&#8221;#f8f8f8&#8243; global_colors_info=&#8221;{}&#8221;][et_pb_row column_structure=&#8221;1_2,1_2&#8243; _builder_version=&#8221;4.24.2&#8243; _module_preset=&#8221;default&#8221; global_colors_info=&#8221;{}&#8221;][et_pb_column type=&#8221;1_2&#8243; _builder_version=&#8221;4.24.2&#8243; _module_preset=&#8221;default&#8221; global_colors_info=&#8221;{}&#8221;][et_pb_text _builder_version=&#8221;4.27.4&#8243; _module_preset=&#8221;default&#8221; header_2_text_align=&#8221;left&#8221; header_2_font_size=&#8221;44px&#8221; hover_enabled=&#8221;0&#8243; header_2_text_align_tablet=&#8221;center&#8221; header_2_text_align_phone=&#8221;center&#8221; header_2_text_align_last_edited=&#8221;on|tablet&#8221; header_2_font_size_tablet=&#8221;44px&#8221; header_2_font_size_phone=&#8221;27px&#8221; header_2_font_size_last_edited=&#8221;on|phone&#8221; global_colors_info=&#8221;{}&#8221; sticky_enabled=&#8221;0&#8243;]<\/p>\n<h2>Actuador integrado de 2 v\u00edas<br \/>\nPrevenci\u00f3n. No Detecci\u00f3n.\u00ae<\/h2>\n<p>[\/et_pb_text][et_pb_text _builder_version=&#8221;4.27.4&#8243; _module_preset=&#8221;default&#8221; custom_margin=&#8221;||50px||false|false&#8221; hover_enabled=&#8221;0&#8243; global_colors_info=&#8221;{}&#8221; sticky_enabled=&#8221;0&#8243;]Conscientes de la importancia mejorar continuamente en la inocuidad alimentaria, en CRC hemos incorporado el revolucionario Actuador Integrado de 2 v\u00edas Perma-Lock\u00ae en muchos de nuestros productos de grado alimenticio.<\/p>\n<p>Su dise\u00f1o evita que se desprenda de la lata, lo que reduce la posibilidad de contaminaci\u00f3n por objetos extra\u00f1os, disminuyendo as\u00ed las costosas retiradas del mercado. Adem\u00e1s, CRC cuenta con una etiqueta \u00fanica dise\u00f1ada para garantizar el uso adecuado de los productos en el lugar de trabajo.<br \/>\n[\/et_pb_text][et_pb_image src=&#8221;https:\/\/www.crcfoodsafety.com\/wp-content\/uploads\/2024\/03\/perma-lock-actuator.webp&#8221; title_text=&#8221;perma-lock-actuator&#8221; align_tablet=&#8221;center&#8221; align_phone=&#8221;center&#8221; align_last_edited=&#8221;on|phone&#8221; _builder_version=&#8221;4.24.2&#8243; _module_preset=&#8221;default&#8221; custom_margin=&#8221;||40px||false|false&#8221; global_colors_info=&#8221;{}&#8221;][\/et_pb_image][\/et_pb_column][et_pb_column type=&#8221;1_2&#8243; _builder_version=&#8221;4.24.2&#8243; _module_preset=&#8221;default&#8221; global_colors_info=&#8221;{}&#8221;][dnhot_tooltip tooltip_image=&#8221;https:\/\/www.crcfoodsafety.com\/wp-content\/uploads\/2025\/08\/spanish-perma-lock.webp&#8221; tooltip_image_alt=&#8221;Food Grade with Perma-Lock&#8221; hotspot_bg=&#8221;#CD163F&#8221; hotspot_wave_color=&#8221;#E81946&#8243; _builder_version=&#8221;4.27.4&#8243; _module_preset=&#8221;default&#8221; hotspot_text_font_size=&#8221;30px&#8221; width=&#8221;60%&#8221; width_tablet=&#8221;60%&#8221; width_phone=&#8221;80%&#8221; width_last_edited=&#8221;on|phone&#8221; max_width=&#8221;80%&#8221; module_alignment=&#8221;center&#8221; hover_enabled=&#8221;0&#8243; global_colors_info=&#8221;{}&#8221; sticky_enabled=&#8221;0&#8243; title_text=&#8221;spanish-perma-lock&#8221;][dnhot_tooltip_child tooltip_hotspot_icon=&#8221;&#x4c;||divi||400&#8243; tooltip_content=&#8221;<\/p>\n<p>Logotipo alimentario altamente visible<\/p>\n<p>&#8221; hotspot_horizontal=&#8221;67%&#8221; hotspot_vertical=&#8221;33%&#8221; _builder_version=&#8221;4.27.4&#8243; _module_preset=&#8221;default&#8221; tooltip_desc_font_size=&#8221;18px&#8221; hover_enabled=&#8221;0&#8243; global_colors_info=&#8221;{}&#8221; sticky_enabled=&#8221;0&#8243;][\/dnhot_tooltip_child][dnhot_tooltip_child tooltip_hotspot_icon=&#8221;&#x4c;||divi||400&#8243; tooltip_position=&#8221;bottom&#8221; tooltip_content=&#8221;<\/p>\n<p>Actuador integrado de 2 v\u00edas PERMA-Lock\u00ae<\/p>\n<p>&#8221; hotspot_horizontal=&#8221;15%&#8221; hotspot_vertical=&#8221;9%&#8221; _builder_version=&#8221;4.27.4&#8243; _module_preset=&#8221;default&#8221; tooltip_desc_font_size=&#8221;18px&#8221; hover_enabled=&#8221;0&#8243; global_colors_info=&#8221;{}&#8221; sticky_enabled=&#8221;0&#8243;][\/dnhot_tooltip_child][dnhot_tooltip_child tooltip_hotspot_icon=&#8221;&#x4c;||divi||400&#8243; tooltip_content=&#8221;<\/p>\n<p>Nombre del producto en verde f\u00e1cilmente visible<\/p>\n<p>&#8221; hotspot_horizontal=&#8221;74%&#8221; hotspot_vertical=&#8221;44%&#8221; _builder_version=&#8221;4.27.4&#8243; _module_preset=&#8221;default&#8221; hotspot_text_font_size=&#8221;30px&#8221; tooltip_desc_font_size=&#8221;18px&#8221; hover_enabled=&#8221;0&#8243; global_colors_info=&#8221;{}&#8221; sticky_enabled=&#8221;0&#8243;][\/dnhot_tooltip_child][dnhot_tooltip_child tooltip_hotspot_icon=&#8221;&#x4c;||divi||400&#8243; tooltip_content=&#8221;C\u00f3digo QR de cumplimiento normativo&#8221; hotspot_horizontal=&#8221;48%&#8221; hotspot_vertical=&#8221;61%&#8221; _builder_version=&#8221;4.27.4&#8243; _module_preset=&#8221;default&#8221; tooltip_desc_font_size=&#8221;18px&#8221; hover_enabled=&#8221;0&#8243; global_colors_info=&#8221;{}&#8221; sticky_enabled=&#8221;0&#8243;][\/dnhot_tooltip_child][dnhot_tooltip_child tooltip_hotspot_icon=&#8221;&#x4c;||divi||400&#8243; tooltip_content=&#8221;Registro H1 con NSF&#8221; hotspot_horizontal=&#8221;22%&#8221; hotspot_vertical=&#8221;60%&#8221; _builder_version=&#8221;4.27.4&#8243; _module_preset=&#8221;default&#8221; tooltip_desc_font_size=&#8221;18px&#8221; hover_enabled=&#8221;0&#8243; global_colors_info=&#8221;{}&#8221; sticky_enabled=&#8221;0&#8243;][\/dnhot_tooltip_child][\/dnhot_tooltip][\/et_pb_column][\/et_pb_row][\/et_pb_section]<\/p>\n","protected":false},"excerpt":{"rendered":"<p>Actuador PERMA-LOCK\u00aeActuador integrado de 2 v\u00edas Prevenci\u00f3n. No Detecci\u00f3n.\u00aeConscientes de la importancia mejorar continuamente en la inocuidad alimentaria, en CRC hemos incorporado el revolucionario Actuador Integrado de 2 v\u00edas Perma-Lock\u00ae en muchos de nuestros productos de grado alimenticio. Su dise\u00f1o evita que se desprenda de la lata, lo que reduce la posibilidad de contaminaci\u00f3n por [&hellip;]<\/p>\n","protected":false},"author":2,"featured_media":0,"parent":0,"menu_order":0,"comment_status":"closed","ping_status":"closed","template":"","meta":{"_et_pb_use_builder":"on","_et_pb_old_content":"[et_pb_section fb_built=\"1\" _builder_version=\"4.24.2\" _module_preset=\"default\" background_color=\"#00823E\" custom_padding=\"26px||26px||true|false\" global_colors_info=\"{}\"][et_pb_row _builder_version=\"4.24.2\" _module_preset=\"default\" custom_padding=\"0px||0px||true|false\" global_colors_info=\"{}\"][et_pb_column type=\"4_4\" _builder_version=\"4.24.2\" _module_preset=\"default\" global_colors_info=\"{}\"][et_pb_text _builder_version=\"4.24.2\" _module_preset=\"default\" header_text_color=\"#FFFFFF\" text_orientation=\"center\" custom_margin=\"8px||||false|false\" global_colors_info=\"{}\"]<h1>Perma-Lock\u00ae Actuator<\/h1>[\/et_pb_text][\/et_pb_column][\/et_pb_row][\/et_pb_section][et_pb_section fb_built=\"1\" _builder_version=\"4.24.2\" _module_preset=\"default\" background_color=\"#f8f8f8\" global_colors_info=\"{}\"][et_pb_row column_structure=\"1_2,1_2\" _builder_version=\"4.24.2\" _module_preset=\"default\" global_colors_info=\"{}\"][et_pb_column type=\"1_2\" _builder_version=\"4.24.2\" _module_preset=\"default\" global_colors_info=\"{}\"][et_pb_text _builder_version=\"4.24.2\" _module_preset=\"default\" header_2_text_align=\"left\" header_2_font_size=\"44px\" header_2_text_align_tablet=\"center\" header_2_text_align_phone=\"center\" header_2_text_align_last_edited=\"on|tablet\" header_2_font_size_tablet=\"44px\" header_2_font_size_phone=\"27px\" header_2_font_size_last_edited=\"on|phone\" global_colors_info=\"{}\"]<h2>2-Way Integrated Actuator<br \/>Prevention. Not Detection.\u00ae<\/h2>[\/et_pb_text][et_pb_text _builder_version=\"4.24.2\" _module_preset=\"default\" custom_margin=\"||50px||false|false\" hover_enabled=\"0\" global_colors_info=\"{}\" sticky_enabled=\"0\"]Understanding the importance of continuous improvement in food safety, CRC has implemented the revolutionary Perma-Lock\u00ae 2-Way Integrated Actuator into many of its food grade products. \r\n\r\nThe design prevents it from detaching from the can, reducing the chance of foreign object contamination and ultimately fewer expensive recalls. In addition, CRC has a unique label designed to ensure proper usage of these products in the workplace.[\/et_pb_text][et_pb_image src=\"https:\/\/www.crcfoodsafety.com\/wp-content\/uploads\/2024\/03\/perma-lock-actuator.webp\" title_text=\"perma-lock-actuator\" align_tablet=\"center\" align_phone=\"center\" align_last_edited=\"on|phone\" _builder_version=\"4.24.2\" _module_preset=\"default\" custom_margin=\"||40px||false|false\" global_colors_info=\"{}\"][\/et_pb_image][\/et_pb_column][et_pb_column type=\"1_2\" _builder_version=\"4.24.2\" _module_preset=\"default\" global_colors_info=\"{}\"][dnhot_tooltip tooltip_image=\"https:\/\/www.crcfoodsafety.com\/wp-content\/uploads\/2024\/03\/crc-perma-lock-actuator.webp\" tooltip_image_alt=\"Food Grade with Perma-Lock\" hotspot_bg=\"#CD163F\" hotspot_wave_color=\"#E81946\" _builder_version=\"4.24.2\" _module_preset=\"default\" hotspot_text_font_size=\"30px\" width=\"60%\" width_tablet=\"60%\" width_phone=\"80%\" width_last_edited=\"on|phone\" max_width=\"80%\" module_alignment=\"center\" hover_enabled=\"0\" global_colors_info=\"{}\" sticky_enabled=\"0\"][dnhot_tooltip_child tooltip_hotspot_icon=\"L||divi||400\" tooltip_content=\"Highly Visible Food Logo\" hotspot_horizontal=\"67%\" hotspot_vertical=\"33%\" _builder_version=\"4.24.2\" _module_preset=\"default\" tooltip_desc_font_size=\"18px\" hover_enabled=\"0\" global_colors_info=\"{}\" sticky_enabled=\"0\"][\/dnhot_tooltip_child][dnhot_tooltip_child tooltip_hotspot_icon=\"L||divi||400\" tooltip_position=\"bottom\" tooltip_content=\"Perma-Lock\u00ae 2-Way Integrated Actuator\" hotspot_horizontal=\"15%\" hotspot_vertical=\"9%\" _builder_version=\"4.24.2\" _module_preset=\"default\" tooltip_desc_font_size=\"18px\" hover_enabled=\"0\" global_colors_info=\"{}\" sticky_enabled=\"0\"][\/dnhot_tooltip_child][dnhot_tooltip_child tooltip_hotspot_icon=\"L||divi||400\" tooltip_content=\"Distinguishable Green Brand Product Name\" hotspot_horizontal=\"74%\" hotspot_vertical=\"44%\" _builder_version=\"4.24.2\" _module_preset=\"default\" hotspot_text_font_size=\"30px\" tooltip_desc_font_size=\"18px\" hover_enabled=\"0\" global_colors_info=\"{}\" sticky_enabled=\"0\"][\/dnhot_tooltip_child][dnhot_tooltip_child tooltip_hotspot_icon=\"L||divi||400\" tooltip_content=\"<p>Document Compliance QR Code<\/p>\" hotspot_horizontal=\"48%\" hotspot_vertical=\"61%\" _builder_version=\"4.24.2\" _module_preset=\"default\" tooltip_desc_font_size=\"18px\" global_colors_info=\"{}\"][\/dnhot_tooltip_child][dnhot_tooltip_child tooltip_hotspot_icon=\"L||divi||400\" tooltip_content=\"Registered H1 with NSF\" hotspot_horizontal=\"22%\" hotspot_vertical=\"60%\" _builder_version=\"4.24.2\" _module_preset=\"default\" tooltip_desc_font_size=\"18px\" global_colors_info=\"{}\"][\/dnhot_tooltip_child][\/dnhot_tooltip][\/et_pb_column][\/et_pb_row][\/et_pb_section]","_et_gb_content_width":"","footnotes":""},"class_list":["post-2388","page","type-page","status-publish","hentry"],"_links":{"self":[{"href":"https:\/\/www.crcfoodsafety.com\/es\/wp-json\/wp\/v2\/pages\/2388","targetHints":{"allow":["GET"]}}],"collection":[{"href":"https:\/\/www.crcfoodsafety.com\/es\/wp-json\/wp\/v2\/pages"}],"about":[{"href":"https:\/\/www.crcfoodsafety.com\/es\/wp-json\/wp\/v2\/types\/page"}],"author":[{"embeddable":true,"href":"https:\/\/www.crcfoodsafety.com\/es\/wp-json\/wp\/v2\/users\/2"}],"replies":[{"embeddable":true,"href":"https:\/\/www.crcfoodsafety.com\/es\/wp-json\/wp\/v2\/comments?post=2388"}],"version-history":[{"count":3,"href":"https:\/\/www.crcfoodsafety.com\/es\/wp-json\/wp\/v2\/pages\/2388\/revisions"}],"predecessor-version":[{"id":2396,"href":"https:\/\/www.crcfoodsafety.com\/es\/wp-json\/wp\/v2\/pages\/2388\/revisions\/2396"}],"wp:attachment":[{"href":"https:\/\/www.crcfoodsafety.com\/es\/wp-json\/wp\/v2\/media?parent=2388"}],"curies":[{"name":"wp","href":"https:\/\/api.w.org\/{rel}","templated":true}]}}